{"id":2,"date":"2019-04-24T08:59:07","date_gmt":"2019-04-24T08:59:07","guid":{"rendered":"http:\/\/nutrir.com.vc\/blog\/?page_id=2"},"modified":"2024-03-12T18:27:49","modified_gmt":"2024-03-12T18:27:49","slug":"sample-page","status":"publish","type":"page","link":"https:\/\/nutrir.com.vc\/blog\/","title":{"rendered":"O LabNutrir"},"content":{"rendered":"\n<h2 class=\"wp-block-heading\"><strong>Um Laborat\u00f3rio Comunit\u00e1rio e a C\u00e9u Aberto<\/strong><\/h2>\n\n\n\n<p>Em 2017 um grupo de professores da UFRN, alunos, servidores e membros da comunidade iniciaram o processo de implanta\u00e7\u00e3o de uma horta, a Horta Comunit\u00e1ria Nutrir, no Departamento de Nutri\u00e7\u00e3o. O prop\u00f3sito principal dessas pessoas era criar um espa\u00e7o com plantas aliment\u00edcias da biodiversidade brasileira, em que houvesse tamb\u00e9m oportunidades de aprendizado e de conv\u00edvio social.  E elas conseguiram.<\/p>\n\n\n\n<figure class=\"wp-block-image size-large\"><img loading=\"lazy\" decoding=\"async\" width=\"918\" height=\"561\" src=\"http:\/\/nutrir.com.vc\/blog\/wp-content\/uploads\/2021\/06\/Horta-2017-2.png\" alt=\"\" class=\"wp-image-716\" srcset=\"https:\/\/nutrir.com.vc\/blog\/wp-content\/uploads\/2021\/06\/Horta-2017-2.png 918w, https:\/\/nutrir.com.vc\/blog\/wp-content\/uploads\/2021\/06\/Horta-2017-2-300x183.png 300w, https:\/\/nutrir.com.vc\/blog\/wp-content\/uploads\/2021\/06\/Horta-2017-2-768x469.png 768w\" sizes=\"auto, (max-width: 767px) 89vw, (max-width: 1000px) 54vw, (max-width: 1071px) 543px, 580px\" \/><figcaption class=\"wp-element-caption\">Primeira reuni\u00e3o para debater o projeto de horta no DENUT\/UFRN em 2017. Na foto est\u00e3o professores do Departamento de Nutri\u00e7\u00e3o, de Ecologia e membros da comunidade.<\/figcaption><\/figure>\n\n\n\n<p>Em 2018, o LabNutrir foi reconhecido pelas Na\u00e7\u00f5es Unidas como refer\u00eancia na aplica\u00e7\u00e3o das <em>Voluntary Guidelines<\/em>, um documento que orienta a\u00e7\u00f5es para promo\u00e7\u00e3o da alimenta\u00e7\u00e3o como direito humano (<a href=\"http:\/\/www.fao.org\/fileadmin\/templates\/cfs\/Docs1718\/Monitoring\/CFS_OEWG_Monitoring_2018_06_15_02_Rev.1_Report_on_experiences_and_good_practices.pdf\" target=\"_blank\" rel=\"noreferrer noopener\">link<\/a>). Al\u00e9m disso, no mesmo ano, o LabNutrir recebeu uma men\u00e7\u00e3o honrosa no Pr\u00eamio ODS-Brasil, que visa incentivar, valorizar e dar visibilidade a pr\u00e1ticas que contribuam para o alcance dos objetivos e metas da Agenda 2030 no territ\u00f3rio brasileiro (<a href=\"https:\/\/repositorio.enap.gov.br\/bitstream\/1\/3629\/1\/EPE%20-%20Horta%20Comunit%C3%A1ria%20Nutrir%20-%20educa%C3%A7%C3%A3o%20para%20o%20desenvolvimento.pdf\" target=\"_blank\" rel=\"noreferrer noopener\">link<\/a>). Em 2018, por meio da Portaria n. 46, a UFRN criou o LabNutrir, dando car\u00e1ter institucional ao espa\u00e7o de horta e \u00e0s atividades de ensino, pesquisa e extens\u00e3o integradas a ele.<\/p>\n\n\n\n<figure class=\"wp-block-image\"><img loading=\"lazy\" decoding=\"async\" width=\"1024\" height=\"768\" src=\"http:\/\/nutrir.com.vc\/blog\/wp-content\/uploads\/2019\/04\/2017-10-22-10.06.17-1024x768.jpg\" alt=\"\" class=\"wp-image-31\" srcset=\"https:\/\/nutrir.com.vc\/blog\/wp-content\/uploads\/2019\/04\/2017-10-22-10.06.17-1024x768.jpg 1024w, https:\/\/nutrir.com.vc\/blog\/wp-content\/uploads\/2019\/04\/2017-10-22-10.06.17-300x225.jpg 300w, https:\/\/nutrir.com.vc\/blog\/wp-content\/uploads\/2019\/04\/2017-10-22-10.06.17-768x576.jpg 768w\" sizes=\"auto, (max-width: 767px) 89vw, (max-width: 1000px) 54vw, (max-width: 1071px) 543px, 580px\" \/><figcaption class=\"wp-element-caption\">Primeiros mutir\u00f5es para implanta\u00e7\u00e3o do LabNutrir em 2017. Foto de Elias Jacob <\/figcaption><\/figure>\n\n\n\n<figure class=\"wp-block-image\" id=\"block-aa2ecff1-4ed0-41f4-a557-33bf6a780ee1\"><img decoding=\"async\" src=\"http:\/\/nutrir.com.vc\/blog\/wp-content\/uploads\/2019\/08\/Atual-1024x473.jpg\" alt=\"O atributo alt desta imagem est\u00e1 vazio. O nome do arquivo \u00e9 Atual-1024x473.jpg\"\/><figcaption class=\"wp-element-caption\">LabNutrir em 2018, foto de Elias Jacob.<\/figcaption><\/figure>\n\n\n\n<figure class=\"wp-block-image\"><img loading=\"lazy\" decoding=\"async\" width=\"1024\" height=\"576\" src=\"http:\/\/nutrir.com.vc\/blog\/wp-content\/uploads\/2019\/04\/IMG_0299-2-1024x576.jpg\" alt=\"\" class=\"wp-image-27\" srcset=\"https:\/\/nutrir.com.vc\/blog\/wp-content\/uploads\/2019\/04\/IMG_0299-2-1024x576.jpg 1024w, https:\/\/nutrir.com.vc\/blog\/wp-content\/uploads\/2019\/04\/IMG_0299-2-300x169.jpg 300w, https:\/\/nutrir.com.vc\/blog\/wp-content\/uploads\/2019\/04\/IMG_0299-2-768x432.jpg 768w\" sizes=\"auto, (max-width: 767px) 89vw, (max-width: 1000px) 54vw, (max-width: 1071px) 543px, 580px\" \/><figcaption class=\"wp-element-caption\">LabNutrir em 2019. <em>Foto de Elias Jacob <\/em><\/figcaption><\/figure>\n\n\n\n<p>Em 2024, o LabNutrir, anteriormente conhecido como Laborat\u00f3rio Horta Comunit\u00e1ria Nutrir, abra\u00e7a uma nova identidade ao se renomear para Laborat\u00f3rio de Biodiversidade e Nutri\u00e7\u00e3o. Esta renova\u00e7\u00e3o de nome reflete com maior precis\u00e3o a ess\u00eancia da nossa miss\u00e3o na pesquisa: a condu\u00e7\u00e3o de pesquisas focadas na riqueza da nossa biodiversidade alimentar. Essa mudan\u00e7a, no entanto, n\u00e3o altera a ess\u00eancia de quem somos. No cora\u00e7\u00e3o de nossa identidade, permanecemos fi\u00e9is ao legado como um laborat\u00f3rio de pesquisa que brota diretamente da comunidade e da extens\u00e3o universit\u00e1ria. Essa origem, profundamente gravada em nossa mem\u00f3ria coletiva e vivenciada diariamente nas hortas que cultivamos, solidifica nosso compromisso em enfrentar problemas de impacto social ligados \u00e0 comida. A extens\u00e3o universit\u00e1ria se mant\u00e9m como o fio condutor entre o trabalho que desenvolvemos e as solu\u00e7\u00f5es pr\u00e1ticas que retornam \u00e0 comunidade, enriquecendo o ciclo de conhecimento e aprendizagem m\u00fatuas<\/p>\n\n\n\n<p>Portanto, enquanto o Laborat\u00f3rio de Biodiversidade e Nutri\u00e7\u00e3o abra\u00e7a sua nova identifica\u00e7\u00e3o, reiteramos nosso compromisso com uma pesquisa que transcende o acad\u00eamico, conectando-se intimamente aos desafios reais da sociedade. Continuamos dedicados a cultivar n\u00e3o apenas hortas, mas solu\u00e7\u00f5es sustent\u00e1veis e inovadoras para um futuro alimentar mais diverso e nutritivo, honrando nossa origem comunit\u00e1ria e o poder transformador da extens\u00e3o universit\u00e1ria..<\/p>\n\n\n\n<h2 class=\"wp-block-heading\"><strong>Vis\u00e3o e Miss\u00e3o do LabNutrir<\/strong><\/h2>\n\n\n\n<p>N\u00f3s que integramos o LabNutrir temos a vis\u00e3o de que os sistemas alimentares precisam ser transformados para que sejam mais justos, livres da fome, de maneira que possamos construir uma sociedade onde haja mais respeito e cuidado com todas as culturas e formas de vida. Para isso, nossa miss\u00e3o \u00e9 promover dietas que sejam capazes de colaborar para o bem-estar das pessoas e do ambiente.<\/p>\n\n\n\n<h2 class=\"wp-block-heading\"><strong>Biodiversidade como Eixo Estrat\u00e9gico<\/strong><\/h2>\n\n\n\n<p>Consideramos que a tend\u00eancia global de homogeneiza\u00e7\u00e3o das dietas nos sistemas alimentares modernos amea\u00e7a tanto a biodiversidade quanto a diversidade cultural. O Brasil possui mais de 20% do total de esp\u00e9cies vegetais existentes no planeta, ostentando o t\u00edtulo de pa\u00eds mais biodiverso do mundo. Trata-se de um cen\u00e1rio privilegiado para estudos e pr\u00e1ticas de biodiversidade alimentar. <\/p>\n\n\n\n<figure class=\"wp-block-image\"><img decoding=\"async\" src=\"http:\/\/nutrir.com.vc\/blog\/wp-content\/uploads\/2019\/04\/IMG_1702-1024x1024.jpg\" alt=\"O atributo alt desta imagem est\u00e1 vazio. O nome do arquivo \u00e9 IMG_1702-1024x1024.jpg\"\/><figcaption class=\"wp-element-caption\"><em>Turnera subulata, chanana. Foto de Michelle Jacob.<\/em><\/figcaption><\/figure>\n\n\n\n<p>Assim, todas as atividades que desenvolvemos s\u00e3o guiadas sob o prisma da biodiversidade. Nessa perspectiva, atuamos em quatro linhas principais:<\/p>\n\n\n\n<p>(1) Realizando pesquisas sobre  alimentos biodiversos. <\/p>\n\n\n\n<p>(2) Desenvolvendo a\u00e7\u00f5es de extens\u00e3o para promo\u00e7\u00e3o do consumo desses alimentos. <\/p>\n\n\n\n<p>(3) Apoiando a implanta\u00e7\u00e3o de hortas escolares ricas em biodiversidade. <\/p>\n\n\n\n<p>(4) Cultivando essas esp\u00e9cies na horta do nosso laborat\u00f3rio.<\/p>\n\n\n\n<h2 class=\"wp-block-heading\"><strong>Linhas de Pesquisa<\/strong><\/h2>\n\n\n\n<p>Atualmente o LabNutrir possui um grupo de pesquisa inscrito no DGP\/CNPq com o seguinte t\u00edtulo: &#8220;<a href=\"http:\/\/dgp.cnpq.br\/dgp\/faces\/consulta\/consulta_parametrizada.jsf#\">LabNutrir: Laborat\u00f3rio de Biodiversidade e Nutri\u00e7\u00e3o<\/a>&#8220;. Esse grupo possui as duas linhas de pesquisa apresentadas a seguir:<\/p>\n\n\n\n<p>(1) Biodiversidade alimentar e consumo humano<\/p>\n\n\n\n<p>(2) Aspectos socioculturais e psicol\u00f3gicos da alimenta\u00e7\u00e3o humana<\/p>\n\n\n\n<h2 class=\"wp-block-heading\"><strong>LabNutrir nas Redes Sociais<\/strong><\/h2>\n\n\n\n<p>Instagram, @labnutrir<\/p>\n\n\n\n<p>Youtube, canal &#8220;LabNutrir&#8221;<\/p>\n","protected":false},"excerpt":{"rendered":"<p>Um Laborat\u00f3rio Comunit\u00e1rio e a C\u00e9u Aberto Em 2017 um grupo de professores da UFRN, alunos, servidores e membros da comunidade iniciaram o processo de implanta\u00e7\u00e3o de uma horta, a Horta Comunit\u00e1ria Nutrir, no Departamento de Nutri\u00e7\u00e3o. O prop\u00f3sito principal dessas pessoas era criar um espa\u00e7o com plantas aliment\u00edcias da biodiversidade brasileira, em que houvesse &hellip; <\/p>\n<p class=\"link-more\"><a href=\"https:\/\/nutrir.com.vc\/blog\/\" class=\"more-link\">Continue lendo<span class=\"screen-reader-text\"> &#8220;O LabNutrir&#8221;<\/span><\/a><\/p>\n","protected":false},"author":1,"featured_media":0,"parent":0,"menu_order":0,"comment_status":"closed","ping_status":"open","template":"","meta":{"footnotes":""},"class_list":["post-2","page","type-page","status-publish","hentry"],"_links":{"self":[{"href":"https:\/\/nutrir.com.vc\/blog\/wp-json\/wp\/v2\/pages\/2","targetHints":{"allow":["GET"]}}],"collection":[{"href":"https:\/\/nutrir.com.vc\/blog\/wp-json\/wp\/v2\/pages"}],"about":[{"href":"https:\/\/nutrir.com.vc\/blog\/wp-json\/wp\/v2\/types\/page"}],"author":[{"embeddable":true,"href":"https:\/\/nutrir.com.vc\/blog\/wp-json\/wp\/v2\/users\/1"}],"replies":[{"embeddable":true,"href":"https:\/\/nutrir.com.vc\/blog\/wp-json\/wp\/v2\/comments?post=2"}],"version-history":[{"count":52,"href":"https:\/\/nutrir.com.vc\/blog\/wp-json\/wp\/v2\/pages\/2\/revisions"}],"predecessor-version":[{"id":802,"href":"https:\/\/nutrir.com.vc\/blog\/wp-json\/wp\/v2\/pages\/2\/revisions\/802"}],"wp:attachment":[{"href":"https:\/\/nutrir.com.vc\/blog\/wp-json\/wp\/v2\/media?parent=2"}],"curies":[{"name":"wp","href":"https:\/\/api.w.org\/{rel}","templated":true}]}}